{"id":23,"date":"2018-02-17T17:07:56","date_gmt":"2018-02-17T16:07:56","guid":{"rendered":"http:\/\/www.ibuycars.de\/?page_id=23"},"modified":"2019-12-18T12:26:28","modified_gmt":"2019-12-18T11:26:28","slug":"ueber-mich","status":"publish","type":"page","link":"https:\/\/www.ibuycars.de\/index.php\/ueber-mich\/","title":{"rendered":"Wer ich bin."},"content":{"rendered":"<p>Mein Name ist Antonio Carriero und ich bin das Gesicht hinter Tricolore Motors.<\/p>\n<p><img fetchpriority=\"high\" decoding=\"async\" class=\"alignnone size-medium wp-image-80\" src=\"http:\/\/www.ibuycars.de\/wp-content\/uploads\/2018\/02\/Toni-300x200.jpg\" alt=\"\" width=\"300\" height=\"200\" srcset=\"https:\/\/www.ibuycars.de\/wp-content\/uploads\/2018\/02\/Toni-300x200.jpg 300w, https:\/\/www.ibuycars.de\/wp-content\/uploads\/2018\/02\/Toni.jpg 315w\" sizes=\"(max-width: 300px) 100vw, 300px\" \/><\/p>\n<p>Meine Liebe zum Automobil begann schon sehr fr\u00fch und somit kann ich auf langj\u00e4hige Erfahrung und viele Erlebnisse zur\u00fcckblicken.<\/p>\n<p>Nach meiner Ausbildung zum Kfz.-Mechaniker war ich fast ein Jahrzehnt bei gro\u00dfen Handelsbetrieben und Vertretern des Daimler-Konzerns besch\u00e4ftigt. Hier habe ich mich vom Junior-Verk\u00e4ufer \u00fcber Verkaufsleiter bis hin zum Centerleiter innerhalb der Marken des Daimler-Konzerns entwickelt. Am Ende verantwortete ich den Einkauf.<\/p>\n<p>Mein n\u00e4chster Schritt f\u00fchrte mich zu Porsche. Dort arbeitete ich \u00fcber mehrere Jahre als Verk\u00e4ufer und Verkaufsleiter.<\/p>\n<p>Um einmal ganz andere Luft zu schnuppern, wechselte ich die Branche und war f\u00fcr ein Kommunikationsunternehmen t\u00e4tig.<br \/>\nDoch die Leidenschaft f\u00fcr Autos blieb und es zog mich zur\u00fcck zu meinen Wurzeln.<\/p>\n<p>Bevor ich mich in die Selbstst\u00e4ndigkeit begab, war meine letzte Station internationaler Eink\u00e4ufer f\u00fcr Gebrauchtwagen aus dem Luxussegment bei Penske Automotive, einer der gr\u00f6\u00dften Autohandelskonzerne weltweit.<\/p>\n<h4>In dieser Zeit erworbene Qualifikationen:<\/h4>\n<ul>\n<li>Ausbildung zum Porsche Verkaufsleiter<\/li>\n<li>Porsche Exklusiv-Verkaufsberater<\/li>\n<li>Gepr\u00fcfter Automobilverk\u00e4ufer nach VDA \/ ZDK<\/li>\n<li>Zertifizierter Porsche Finanzberater<\/li>\n<\/ul>\n<p>Auf der Suche nach faszinierenden Autos habe ich zahlreiche und wichtige Kontakte in der ganzen Welt aufbauen k\u00f6nnen. Ich greife auf ein gro\u00dfes Netzwerk in ganz Europa, Japan, Dubai, Amerika und viele weitere L\u00e4nder zur\u00fcck.<\/p>\n<p>Zu meinem Spezialgebiet z\u00e4hle ich die Marken Ferrari, Porsche und Maserati.<\/p>\n<p>Ich w\u00fcrde mich freuen, auch Sie mit meiner Leidenschaft f\u00fcr sch\u00f6ne Automobile begeistern zu d\u00fcrfen.<\/p>\n","protected":false},"excerpt":{"rendered":"<p>Mein Name ist Antonio Carriero und ich bin das Gesicht hinter Tricolore Motors. Meine Liebe zum Automobil begann schon sehr fr\u00fch und somit kann ich auf langj\u00e4hige Erfahrung und viele Erlebnisse zur\u00fcckblicken. Nach meiner Ausbildung zum Kfz.-Mechaniker war ich fast ein Jahrzehnt bei gro\u00dfen Handelsbetrieben und Vertretern des Daimler-Konzerns besch\u00e4ftigt. Hier habe ich mich vom [&hellip;]<\/p>\n","protected":false},"author":1,"featured_media":0,"parent":0,"menu_order":0,"comment_status":"closed","ping_status":"closed","template":"","meta":{"footnotes":""},"class_list":["post-23","page","type-page","status-publish","hentry","entry"],"yoast_head":"<!-- This site is optimized with the Yoast SEO plugin v24.3 - https:\/\/yoast.com\/wordpress\/plugins\/seo\/ -->\n<title>Wer ich bin. - Tricolore Motors<\/title>\n<meta name=\"robots\" content=\"index, follow, max-snippet:-1, max-image-preview:large, max-video-preview:-1\" \/>\n<link rel=\"canonical\" href=\"https:\/\/www.ibuycars.de\/index.php\/ueber-mich\/\" \/>\n<meta property=\"og:locale\" content=\"de_DE\" \/>\n<meta property=\"og:type\" content=\"article\" \/>\n<meta property=\"og:title\" content=\"Wer ich bin. - Tricolore Motors\" \/>\n<meta property=\"og:description\" content=\"Mein Name ist Antonio Carriero und ich bin das Gesicht hinter Tricolore Motors. Meine Liebe zum Automobil begann schon sehr fr\u00fch und somit kann ich auf langj\u00e4hige Erfahrung und viele Erlebnisse zur\u00fcckblicken. Nach meiner Ausbildung zum Kfz.-Mechaniker war ich fast ein Jahrzehnt bei gro\u00dfen Handelsbetrieben und Vertretern des Daimler-Konzerns besch\u00e4ftigt. Hier habe ich mich vom [&hellip;]\" \/>\n<meta property=\"og:url\" content=\"https:\/\/www.ibuycars.de\/index.php\/ueber-mich\/\" \/>\n<meta property=\"og:site_name\" content=\"Tricolore Motors\" \/>\n<meta property=\"article:modified_time\" content=\"2019-12-18T11:26:28+00:00\" \/>\n<meta property=\"og:image\" content=\"http:\/\/www.ibuycars.de\/wp-content\/uploads\/2018\/02\/Toni-300x200.jpg\" \/>\n<meta name=\"twitter:card\" content=\"summary_large_image\" \/>\n<meta name=\"twitter:label1\" content=\"Gesch\u00e4tzte Lesezeit\" \/>\n\t<meta name=\"twitter:data1\" content=\"1\u00a0Minute\" \/>\n<script type=\"application\/ld+json\" class=\"yoast-schema-graph\">{\"@context\":\"https:\/\/schema.org\",\"@graph\":[{\"@type\":\"WebPage\",\"@id\":\"https:\/\/www.ibuycars.de\/index.php\/ueber-mich\/\",\"url\":\"https:\/\/www.ibuycars.de\/index.php\/ueber-mich\/\",\"name\":\"Wer ich bin. - Tricolore Motors\",\"isPartOf\":{\"@id\":\"https:\/\/www.ibuycars.de\/#website\"},\"primaryImageOfPage\":{\"@id\":\"https:\/\/www.ibuycars.de\/index.php\/ueber-mich\/#primaryimage\"},\"image\":{\"@id\":\"https:\/\/www.ibuycars.de\/index.php\/ueber-mich\/#primaryimage\"},\"thumbnailUrl\":\"http:\/\/www.ibuycars.de\/wp-content\/uploads\/2018\/02\/Toni-300x200.jpg\",\"datePublished\":\"2018-02-17T16:07:56+00:00\",\"dateModified\":\"2019-12-18T11:26:28+00:00\",\"breadcrumb\":{\"@id\":\"https:\/\/www.ibuycars.de\/index.php\/ueber-mich\/#breadcrumb\"},\"inLanguage\":\"de\",\"potentialAction\":[{\"@type\":\"ReadAction\",\"target\":[\"https:\/\/www.ibuycars.de\/index.php\/ueber-mich\/\"]}]},{\"@type\":\"ImageObject\",\"inLanguage\":\"de\",\"@id\":\"https:\/\/www.ibuycars.de\/index.php\/ueber-mich\/#primaryimage\",\"url\":\"https:\/\/www.ibuycars.de\/wp-content\/uploads\/2018\/02\/Toni.jpg\",\"contentUrl\":\"https:\/\/www.ibuycars.de\/wp-content\/uploads\/2018\/02\/Toni.jpg\",\"width\":315,\"height\":210},{\"@type\":\"BreadcrumbList\",\"@id\":\"https:\/\/www.ibuycars.de\/index.php\/ueber-mich\/#breadcrumb\",\"itemListElement\":[{\"@type\":\"ListItem\",\"position\":1,\"name\":\"Startseite\",\"item\":\"https:\/\/www.ibuycars.de\/\"},{\"@type\":\"ListItem\",\"position\":2,\"name\":\"Wer ich bin.\"}]},{\"@type\":\"WebSite\",\"@id\":\"https:\/\/www.ibuycars.de\/#website\",\"url\":\"https:\/\/www.ibuycars.de\/\",\"name\":\"Tricolore Motors\",\"description\":\" Antonio Carriero\",\"publisher\":{\"@id\":\"https:\/\/www.ibuycars.de\/#organization\"},\"potentialAction\":[{\"@type\":\"SearchAction\",\"target\":{\"@type\":\"EntryPoint\",\"urlTemplate\":\"https:\/\/www.ibuycars.de\/?s={search_term_string}\"},\"query-input\":{\"@type\":\"PropertyValueSpecification\",\"valueRequired\":true,\"valueName\":\"search_term_string\"}}],\"inLanguage\":\"de\"},{\"@type\":\"Organization\",\"@id\":\"https:\/\/www.ibuycars.de\/#organization\",\"name\":\"Tricolore Motors\",\"url\":\"https:\/\/www.ibuycars.de\/\",\"logo\":{\"@type\":\"ImageObject\",\"inLanguage\":\"de\",\"@id\":\"https:\/\/www.ibuycars.de\/#\/schema\/logo\/image\/\",\"url\":\"https:\/\/www.ibuycars.de\/wp-content\/uploads\/2019\/12\/cropped-logo-transparent-black-1.png\",\"contentUrl\":\"https:\/\/www.ibuycars.de\/wp-content\/uploads\/2019\/12\/cropped-logo-transparent-black-1.png\",\"width\":1680,\"height\":699,\"caption\":\"Tricolore Motors\"},\"image\":{\"@id\":\"https:\/\/www.ibuycars.de\/#\/schema\/logo\/image\/\"}}]}<\/script>\n<!-- \/ Yoast SEO plugin. -->","yoast_head_json":{"title":"Wer ich bin. - Tricolore Motors","robots":{"index":"index","follow":"follow","max-snippet":"max-snippet:-1","max-image-preview":"max-image-preview:large","max-video-preview":"max-video-preview:-1"},"canonical":"https:\/\/www.ibuycars.de\/index.php\/ueber-mich\/","og_locale":"de_DE","og_type":"article","og_title":"Wer ich bin. - Tricolore Motors","og_description":"Mein Name ist Antonio Carriero und ich bin das Gesicht hinter Tricolore Motors. Meine Liebe zum Automobil begann schon sehr fr\u00fch und somit kann ich auf langj\u00e4hige Erfahrung und viele Erlebnisse zur\u00fcckblicken. Nach meiner Ausbildung zum Kfz.-Mechaniker war ich fast ein Jahrzehnt bei gro\u00dfen Handelsbetrieben und Vertretern des Daimler-Konzerns besch\u00e4ftigt. Hier habe ich mich vom [&hellip;]","og_url":"https:\/\/www.ibuycars.de\/index.php\/ueber-mich\/","og_site_name":"Tricolore Motors","article_modified_time":"2019-12-18T11:26:28+00:00","og_image":[{"url":"http:\/\/www.ibuycars.de\/wp-content\/uploads\/2018\/02\/Toni-300x200.jpg","type":"","width":"","height":""}],"twitter_card":"summary_large_image","twitter_misc":{"Gesch\u00e4tzte Lesezeit":"1\u00a0Minute"},"schema":{"@context":"https:\/\/schema.org","@graph":[{"@type":"WebPage","@id":"https:\/\/www.ibuycars.de\/index.php\/ueber-mich\/","url":"https:\/\/www.ibuycars.de\/index.php\/ueber-mich\/","name":"Wer ich bin. - Tricolore Motors","isPartOf":{"@id":"https:\/\/www.ibuycars.de\/#website"},"primaryImageOfPage":{"@id":"https:\/\/www.ibuycars.de\/index.php\/ueber-mich\/#primaryimage"},"image":{"@id":"https:\/\/www.ibuycars.de\/index.php\/ueber-mich\/#primaryimage"},"thumbnailUrl":"http:\/\/www.ibuycars.de\/wp-content\/uploads\/2018\/02\/Toni-300x200.jpg","datePublished":"2018-02-17T16:07:56+00:00","dateModified":"2019-12-18T11:26:28+00:00","breadcrumb":{"@id":"https:\/\/www.ibuycars.de\/index.php\/ueber-mich\/#breadcrumb"},"inLanguage":"de","potentialAction":[{"@type":"ReadAction","target":["https:\/\/www.ibuycars.de\/index.php\/ueber-mich\/"]}]},{"@type":"ImageObject","inLanguage":"de","@id":"https:\/\/www.ibuycars.de\/index.php\/ueber-mich\/#primaryimage","url":"https:\/\/www.ibuycars.de\/wp-content\/uploads\/2018\/02\/Toni.jpg","contentUrl":"https:\/\/www.ibuycars.de\/wp-content\/uploads\/2018\/02\/Toni.jpg","width":315,"height":210},{"@type":"BreadcrumbList","@id":"https:\/\/www.ibuycars.de\/index.php\/ueber-mich\/#breadcrumb","itemListElement":[{"@type":"ListItem","position":1,"name":"Startseite","item":"https:\/\/www.ibuycars.de\/"},{"@type":"ListItem","position":2,"name":"Wer ich bin."}]},{"@type":"WebSite","@id":"https:\/\/www.ibuycars.de\/#website","url":"https:\/\/www.ibuycars.de\/","name":"Tricolore Motors","description":" Antonio Carriero","publisher":{"@id":"https:\/\/www.ibuycars.de\/#organization"},"potentialAction":[{"@type":"SearchAction","target":{"@type":"EntryPoint","urlTemplate":"https:\/\/www.ibuycars.de\/?s={search_term_string}"},"query-input":{"@type":"PropertyValueSpecification","valueRequired":true,"valueName":"search_term_string"}}],"inLanguage":"de"},{"@type":"Organization","@id":"https:\/\/www.ibuycars.de\/#organization","name":"Tricolore Motors","url":"https:\/\/www.ibuycars.de\/","logo":{"@type":"ImageObject","inLanguage":"de","@id":"https:\/\/www.ibuycars.de\/#\/schema\/logo\/image\/","url":"https:\/\/www.ibuycars.de\/wp-content\/uploads\/2019\/12\/cropped-logo-transparent-black-1.png","contentUrl":"https:\/\/www.ibuycars.de\/wp-content\/uploads\/2019\/12\/cropped-logo-transparent-black-1.png","width":1680,"height":699,"caption":"Tricolore Motors"},"image":{"@id":"https:\/\/www.ibuycars.de\/#\/schema\/logo\/image\/"}}]}},"_links":{"self":[{"href":"https:\/\/www.ibuycars.de\/index.php\/wp-json\/wp\/v2\/pages\/23","targetHints":{"allow":["GET"]}}],"collection":[{"href":"https:\/\/www.ibuycars.de\/index.php\/wp-json\/wp\/v2\/pages"}],"about":[{"href":"https:\/\/www.ibuycars.de\/index.php\/wp-json\/wp\/v2\/types\/page"}],"author":[{"embeddable":true,"href":"https:\/\/www.ibuycars.de\/index.php\/wp-json\/wp\/v2\/users\/1"}],"replies":[{"embeddable":true,"href":"https:\/\/www.ibuycars.de\/index.php\/wp-json\/wp\/v2\/comments?post=23"}],"version-history":[{"count":6,"href":"https:\/\/www.ibuycars.de\/index.php\/wp-json\/wp\/v2\/pages\/23\/revisions"}],"predecessor-version":[{"id":147,"href":"https:\/\/www.ibuycars.de\/index.php\/wp-json\/wp\/v2\/pages\/23\/revisions\/147"}],"wp:attachment":[{"href":"https:\/\/www.ibuycars.de\/index.php\/wp-json\/wp\/v2\/media?parent=23"}],"curies":[{"name":"wp","href":"https:\/\/api.w.org\/{rel}","templated":true}]}}