{"id":21,"date":"2018-02-17T17:07:30","date_gmt":"2018-02-17T16:07:30","guid":{"rendered":"http:\/\/www.ibuycars.de\/?page_id=21"},"modified":"2018-02-17T20:05:11","modified_gmt":"2018-02-17T19:05:11","slug":"leistungen","status":"publish","type":"page","link":"https:\/\/www.ibuycars.de\/index.php\/leistungen\/","title":{"rendered":"Was Sie von mir erwarten k\u00f6nnen."},"content":{"rendered":"<h3><\/h3>\n<p><span class=\"highlight\">Invidualit\u00e4t<\/span> &#8211; Jeder Kunde wird bei mir individuell nach seinen W\u00fcnschen und Bed\u00fcrfnissen betreut.<\/p>\n<p><span class=\"highlight\">Vertrauen<\/span> &#8211; Vertrauen ist die Basis einer guten Gesch\u00e4ftsbeziehung und daher f\u00fcr mich essentiell.<\/p>\n<p><span class=\"highlight\">Diskretion<\/span> &#8211; Es versteht sich von selbst, dass Modalit\u00e4ten und Konditionen diskret von mir behandelt werden.<\/p>\n<p><span class=\"highlight\">Transparenz <\/span>&#8211; Im gesamten Einkaufs- oder Verkaufs-Prozess wissen Sie genau, was gerade mit Ihrem Fahrzeug passiert.<\/p>\n<p><span class=\"highlight\">Sorgfalt <\/span>&#8211; An mich und meine Dienstleister stelle ich einen hohen qualitativen Anspruch damit Ihr Fahrzeug die Behandlung bekommt, die es verdient.<\/p>\n<p><span class=\"highlight\">Verantwortung <\/span>&#8211; Der Umgang mit gro\u00dfen wie auch kleinen Transaktionen ist mein Tagesgesch\u00e4ft und wird professionell abgewickelt.<\/p>\n<p><span class=\"highlight\">End-to-end <\/span>&#8211; Jedes Gesch\u00e4ft &#8211; Import sowie Export &#8211; wird von Beginn bis Ende von mir \u00fcberwacht inklusive Zollabwicklung und Transport.<\/p>\n<p><span class=\"highlight\">Internationalit\u00e4t<\/span> &#8211; Meine Kunden und Gesch\u00e4ftspartner profitieren von meinem internationalen Netzwerk um immer das perfekte Auto zu finden &#8211; egal wo es auch sein mag.<\/p>\n<p><span class=\"highlight\">Marktkenntnisse<\/span> &#8211; F\u00fcr mich ist es besondert wichtig immer &#8222;up to date&#8220; zu sein, denn der Markt ver\u00e4ndert sich rasant.<\/p>\n<p><span class=\"highlight\">Beratung <\/span>&#8211; Ein Automobil kann eine gute Wertanlage sein. Lassen Sie sich von mir beraten.<\/p>\n","protected":false},"excerpt":{"rendered":"<p>Invidualit\u00e4t &#8211; Jeder Kunde wird bei mir individuell nach seinen W\u00fcnschen und Bed\u00fcrfnissen betreut. Vertrauen &#8211; Vertrauen ist die Basis einer guten Gesch\u00e4ftsbeziehung und daher f\u00fcr mich essentiell. Diskretion &#8211; Es versteht sich von selbst, dass Modalit\u00e4ten und Konditionen diskret von mir behandelt werden. Transparenz &#8211; Im gesamten Einkaufs- oder Verkaufs-Prozess wissen Sie genau, was [&hellip;]<\/p>\n","protected":false},"author":1,"featured_media":0,"parent":0,"menu_order":0,"comment_status":"closed","ping_status":"closed","template":"","meta":{"footnotes":""},"class_list":["post-21","page","type-page","status-publish","hentry","entry"],"yoast_head":"<!-- This site is optimized with the Yoast SEO plugin v24.3 - https:\/\/yoast.com\/wordpress\/plugins\/seo\/ -->\n<title>Was Sie von mir erwarten k\u00f6nnen. - Tricolore Motors<\/title>\n<meta name=\"robots\" content=\"index, follow, max-snippet:-1, max-image-preview:large, max-video-preview:-1\" \/>\n<link rel=\"canonical\" href=\"http:\/\/www.ibuycars.de\/index.php\/leistungen\/\" \/>\n<meta property=\"og:locale\" content=\"de_DE\" \/>\n<meta property=\"og:type\" content=\"article\" \/>\n<meta property=\"og:title\" content=\"Was Sie von mir erwarten k\u00f6nnen. - Tricolore Motors\" \/>\n<meta property=\"og:description\" content=\"Invidualit\u00e4t &#8211; Jeder Kunde wird bei mir individuell nach seinen W\u00fcnschen und Bed\u00fcrfnissen betreut. Vertrauen &#8211; Vertrauen ist die Basis einer guten Gesch\u00e4ftsbeziehung und daher f\u00fcr mich essentiell. Diskretion &#8211; Es versteht sich von selbst, dass Modalit\u00e4ten und Konditionen diskret von mir behandelt werden. Transparenz &#8211; Im gesamten Einkaufs- oder Verkaufs-Prozess wissen Sie genau, was [&hellip;]\" \/>\n<meta property=\"og:url\" content=\"http:\/\/www.ibuycars.de\/index.php\/leistungen\/\" \/>\n<meta property=\"og:site_name\" content=\"Tricolore Motors\" \/>\n<meta property=\"article:modified_time\" content=\"2018-02-17T19:05:11+00:00\" \/>\n<meta name=\"twitter:card\" content=\"summary_large_image\" \/>\n<meta name=\"twitter:label1\" content=\"Gesch\u00e4tzte Lesezeit\" \/>\n\t<meta name=\"twitter:data1\" content=\"1\u00a0Minute\" \/>\n<script type=\"application\/ld+json\" class=\"yoast-schema-graph\">{\"@context\":\"https:\/\/schema.org\",\"@graph\":[{\"@type\":\"WebPage\",\"@id\":\"http:\/\/www.ibuycars.de\/index.php\/leistungen\/\",\"url\":\"http:\/\/www.ibuycars.de\/index.php\/leistungen\/\",\"name\":\"Was Sie von mir erwarten k\u00f6nnen. - Tricolore Motors\",\"isPartOf\":{\"@id\":\"http:\/\/www.ibuycars.de\/#website\"},\"datePublished\":\"2018-02-17T16:07:30+00:00\",\"dateModified\":\"2018-02-17T19:05:11+00:00\",\"breadcrumb\":{\"@id\":\"http:\/\/www.ibuycars.de\/index.php\/leistungen\/#breadcrumb\"},\"inLanguage\":\"de\",\"potentialAction\":[{\"@type\":\"ReadAction\",\"target\":[\"http:\/\/www.ibuycars.de\/index.php\/leistungen\/\"]}]},{\"@type\":\"BreadcrumbList\",\"@id\":\"http:\/\/www.ibuycars.de\/index.php\/leistungen\/#breadcrumb\",\"itemListElement\":[{\"@type\":\"ListItem\",\"position\":1,\"name\":\"Startseite\",\"item\":\"http:\/\/www.ibuycars.de\/\"},{\"@type\":\"ListItem\",\"position\":2,\"name\":\"Was Sie von mir erwarten k\u00f6nnen.\"}]},{\"@type\":\"WebSite\",\"@id\":\"http:\/\/www.ibuycars.de\/#website\",\"url\":\"http:\/\/www.ibuycars.de\/\",\"name\":\"Tricolore Motors\",\"description\":\" Antonio Carriero\",\"publisher\":{\"@id\":\"http:\/\/www.ibuycars.de\/#organization\"},\"potentialAction\":[{\"@type\":\"SearchAction\",\"target\":{\"@type\":\"EntryPoint\",\"urlTemplate\":\"http:\/\/www.ibuycars.de\/?s={search_term_string}\"},\"query-input\":{\"@type\":\"PropertyValueSpecification\",\"valueRequired\":true,\"valueName\":\"search_term_string\"}}],\"inLanguage\":\"de\"},{\"@type\":\"Organization\",\"@id\":\"http:\/\/www.ibuycars.de\/#organization\",\"name\":\"Tricolore Motors\",\"url\":\"http:\/\/www.ibuycars.de\/\",\"logo\":{\"@type\":\"ImageObject\",\"inLanguage\":\"de\",\"@id\":\"http:\/\/www.ibuycars.de\/#\/schema\/logo\/image\/\",\"url\":\"https:\/\/www.ibuycars.de\/wp-content\/uploads\/2019\/12\/cropped-logo-transparent-black-1.png\",\"contentUrl\":\"https:\/\/www.ibuycars.de\/wp-content\/uploads\/2019\/12\/cropped-logo-transparent-black-1.png\",\"width\":1680,\"height\":699,\"caption\":\"Tricolore Motors\"},\"image\":{\"@id\":\"http:\/\/www.ibuycars.de\/#\/schema\/logo\/image\/\"}}]}<\/script>\n<!-- \/ Yoast SEO plugin. -->","yoast_head_json":{"title":"Was Sie von mir erwarten k\u00f6nnen. - Tricolore Motors","robots":{"index":"index","follow":"follow","max-snippet":"max-snippet:-1","max-image-preview":"max-image-preview:large","max-video-preview":"max-video-preview:-1"},"canonical":"http:\/\/www.ibuycars.de\/index.php\/leistungen\/","og_locale":"de_DE","og_type":"article","og_title":"Was Sie von mir erwarten k\u00f6nnen. - Tricolore Motors","og_description":"Invidualit\u00e4t &#8211; Jeder Kunde wird bei mir individuell nach seinen W\u00fcnschen und Bed\u00fcrfnissen betreut. Vertrauen &#8211; Vertrauen ist die Basis einer guten Gesch\u00e4ftsbeziehung und daher f\u00fcr mich essentiell. Diskretion &#8211; Es versteht sich von selbst, dass Modalit\u00e4ten und Konditionen diskret von mir behandelt werden. Transparenz &#8211; Im gesamten Einkaufs- oder Verkaufs-Prozess wissen Sie genau, was [&hellip;]","og_url":"http:\/\/www.ibuycars.de\/index.php\/leistungen\/","og_site_name":"Tricolore Motors","article_modified_time":"2018-02-17T19:05:11+00:00","twitter_card":"summary_large_image","twitter_misc":{"Gesch\u00e4tzte Lesezeit":"1\u00a0Minute"},"schema":{"@context":"https:\/\/schema.org","@graph":[{"@type":"WebPage","@id":"http:\/\/www.ibuycars.de\/index.php\/leistungen\/","url":"http:\/\/www.ibuycars.de\/index.php\/leistungen\/","name":"Was Sie von mir erwarten k\u00f6nnen. - Tricolore Motors","isPartOf":{"@id":"http:\/\/www.ibuycars.de\/#website"},"datePublished":"2018-02-17T16:07:30+00:00","dateModified":"2018-02-17T19:05:11+00:00","breadcrumb":{"@id":"http:\/\/www.ibuycars.de\/index.php\/leistungen\/#breadcrumb"},"inLanguage":"de","potentialAction":[{"@type":"ReadAction","target":["http:\/\/www.ibuycars.de\/index.php\/leistungen\/"]}]},{"@type":"BreadcrumbList","@id":"http:\/\/www.ibuycars.de\/index.php\/leistungen\/#breadcrumb","itemListElement":[{"@type":"ListItem","position":1,"name":"Startseite","item":"http:\/\/www.ibuycars.de\/"},{"@type":"ListItem","position":2,"name":"Was Sie von mir erwarten k\u00f6nnen."}]},{"@type":"WebSite","@id":"http:\/\/www.ibuycars.de\/#website","url":"http:\/\/www.ibuycars.de\/","name":"Tricolore Motors","description":" Antonio Carriero","publisher":{"@id":"http:\/\/www.ibuycars.de\/#organization"},"potentialAction":[{"@type":"SearchAction","target":{"@type":"EntryPoint","urlTemplate":"http:\/\/www.ibuycars.de\/?s={search_term_string}"},"query-input":{"@type":"PropertyValueSpecification","valueRequired":true,"valueName":"search_term_string"}}],"inLanguage":"de"},{"@type":"Organization","@id":"http:\/\/www.ibuycars.de\/#organization","name":"Tricolore Motors","url":"http:\/\/www.ibuycars.de\/","logo":{"@type":"ImageObject","inLanguage":"de","@id":"http:\/\/www.ibuycars.de\/#\/schema\/logo\/image\/","url":"https:\/\/www.ibuycars.de\/wp-content\/uploads\/2019\/12\/cropped-logo-transparent-black-1.png","contentUrl":"https:\/\/www.ibuycars.de\/wp-content\/uploads\/2019\/12\/cropped-logo-transparent-black-1.png","width":1680,"height":699,"caption":"Tricolore Motors"},"image":{"@id":"http:\/\/www.ibuycars.de\/#\/schema\/logo\/image\/"}}]}},"_links":{"self":[{"href":"https:\/\/www.ibuycars.de\/index.php\/wp-json\/wp\/v2\/pages\/21","targetHints":{"allow":["GET"]}}],"collection":[{"href":"https:\/\/www.ibuycars.de\/index.php\/wp-json\/wp\/v2\/pages"}],"about":[{"href":"https:\/\/www.ibuycars.de\/index.php\/wp-json\/wp\/v2\/types\/page"}],"author":[{"embeddable":true,"href":"https:\/\/www.ibuycars.de\/index.php\/wp-json\/wp\/v2\/users\/1"}],"replies":[{"embeddable":true,"href":"https:\/\/www.ibuycars.de\/index.php\/wp-json\/wp\/v2\/comments?post=21"}],"version-history":[{"count":3,"href":"https:\/\/www.ibuycars.de\/index.php\/wp-json\/wp\/v2\/pages\/21\/revisions"}],"predecessor-version":[{"id":83,"href":"https:\/\/www.ibuycars.de\/index.php\/wp-json\/wp\/v2\/pages\/21\/revisions\/83"}],"wp:attachment":[{"href":"https:\/\/www.ibuycars.de\/index.php\/wp-json\/wp\/v2\/media?parent=21"}],"curies":[{"name":"wp","href":"https:\/\/api.w.org\/{rel}","templated":true}]}}