{"id":2,"date":"2018-02-17T16:57:04","date_gmt":"2018-02-17T15:57:04","guid":{"rendered":"http:\/\/www.ibuycars.de\/?page_id=2"},"modified":"2022-11-22T16:59:45","modified_gmt":"2022-11-22T15:59:45","slug":"beispiel-seite","status":"publish","type":"page","link":"https:\/\/www.ibuycars.de\/","title":{"rendered":"Willkommen."},"content":{"rendered":"\t\t<div data-elementor-type=\"wp-page\" data-elementor-id=\"2\" class=\"elementor elementor-2\">\n\t\t\t\t\t\t<section class=\"elementor-section elementor-top-section elementor-element elementor-element-62ca2b5e elementor-section-boxed elementor-section-height-default elementor-section-height-default\" data-id=\"62ca2b5e\" data-element_type=\"section\">\n\t\t\t\t\t\t<div class=\"elementor-container elementor-column-gap-default\">\n\t\t\t\t\t<div class=\"elementor-column elementor-col-100 elementor-top-column elementor-element elementor-element-22cf68ee\" data-id=\"22cf68ee\" data-element_type=\"column\">\n\t\t\t<div class=\"elementor-widget-wrap elementor-element-populated\">\n\t\t\t\t\t\t<div class=\"elementor-element elementor-element-05921b0 elementor-widget elementor-widget-heading\" data-id=\"05921b0\" data-element_type=\"widget\" data-widget_type=\"heading.default\">\n\t\t\t\t<div class=\"elementor-widget-container\">\n\t\t\t\t\t<h2 class=\"elementor-heading-title elementor-size-default\">Sch\u00f6n, Sie hier zu treffen.<\/h2>\t\t\t\t<\/div>\n\t\t\t\t<\/div>\n\t\t\t\t<div class=\"elementor-element elementor-element-45c2bc1 elementor-widget elementor-widget-text-editor\" data-id=\"45c2bc1\" data-element_type=\"widget\" data-widget_type=\"text-editor.default\">\n\t\t\t\t<div class=\"elementor-widget-container\">\n\t\t\t\t\t\t\t\t\t<p>Sie suchen Ihren Traumwagen oder m\u00f6chten Ihr Auto verkaufen und in gute H\u00e4nde geben? Ich k\u00fcmmere mich professionell um Ihre Belange. Erfahren Sie auf den n\u00e4chsten Seiten mehr \u00fcber meine Leistungen und meine Person.<\/p><p>Ich freue mich Sie kennenzulernen.<\/p><p>Ihr Antonio Carriero<\/p>\t\t\t\t\t\t\t\t<\/div>\n\t\t\t\t<\/div>\n\t\t\t\t<div class=\"elementor-element elementor-element-59a069f elementor-widget elementor-widget-image-gallery\" data-id=\"59a069f\" data-element_type=\"widget\" data-widget_type=\"image-gallery.default\">\n\t\t\t\t<div class=\"elementor-widget-container\">\n\t\t\t\t\t\t\t<div class=\"elementor-image-gallery\">\n\t\t\t<div id='gallery-1' class='gallery galleryid-2 gallery-columns-2 gallery-size-medium_large'><figure class='gallery-item'>\n\t\t\t<div class='gallery-icon landscape'>\n\t\t\t\t<a data-elementor-open-lightbox=\"yes\" data-elementor-lightbox-slideshow=\"59a069f\" data-elementor-lightbox-title=\"4_Porsche\" data-e-action-hash=\"#elementor-action%3Aaction%3Dlightbox%26settings%3DeyJpZCI6MTE0LCJ1cmwiOiJodHRwczpcL1wvd3d3LmlidXljYXJzLmRlXC93cC1jb250ZW50XC91cGxvYWRzXC8yMDE4XC8wMlwvNF9Qb3JzY2hlLmpwZyIsInNsaWRlc2hvdyI6IjU5YTA2OWYifQ%3D%3D\" href='https:\/\/www.ibuycars.de\/wp-content\/uploads\/2018\/02\/4_Porsche.jpg'><img fetchpriority=\"high\" decoding=\"async\" width=\"768\" height=\"514\" src=\"https:\/\/www.ibuycars.de\/wp-content\/uploads\/2018\/02\/4_Porsche-768x514.jpg\" class=\"attachment-medium_large size-medium_large\" alt=\"\" srcset=\"https:\/\/www.ibuycars.de\/wp-content\/uploads\/2018\/02\/4_Porsche-768x514.jpg 768w, https:\/\/www.ibuycars.de\/wp-content\/uploads\/2018\/02\/4_Porsche-300x201.jpg 300w, https:\/\/www.ibuycars.de\/wp-content\/uploads\/2018\/02\/4_Porsche-1024x685.jpg 1024w, https:\/\/www.ibuycars.de\/wp-content\/uploads\/2018\/02\/4_Porsche-640x428.jpg 640w\" sizes=\"(max-width: 768px) 100vw, 768px\" \/><\/a>\n\t\t\t<\/div><\/figure><figure class='gallery-item'>\n\t\t\t<div class='gallery-icon landscape'>\n\t\t\t\t<a data-elementor-open-lightbox=\"yes\" data-elementor-lightbox-slideshow=\"59a069f\" data-elementor-lightbox-title=\"3_Stra\u00dfe\" data-e-action-hash=\"#elementor-action%3Aaction%3Dlightbox%26settings%3DeyJpZCI6MTEzLCJ1cmwiOiJodHRwczpcL1wvd3d3LmlidXljYXJzLmRlXC93cC1jb250ZW50XC91cGxvYWRzXC8yMDE4XC8wMlwvM19TdHJhXHUwMGRmZS5qcGciLCJzbGlkZXNob3ciOiI1OWEwNjlmIn0%3D\" href='https:\/\/www.ibuycars.de\/wp-content\/uploads\/2018\/02\/3_Stra\u00dfe.jpg'><img decoding=\"async\" width=\"768\" height=\"512\" src=\"https:\/\/www.ibuycars.de\/wp-content\/uploads\/2018\/02\/3_Stra\u00dfe-768x512.jpg\" class=\"attachment-medium_large size-medium_large\" alt=\"\" srcset=\"https:\/\/www.ibuycars.de\/wp-content\/uploads\/2018\/02\/3_Stra\u00dfe-768x512.jpg 768w, https:\/\/www.ibuycars.de\/wp-content\/uploads\/2018\/02\/3_Stra\u00dfe-300x200.jpg 300w, https:\/\/www.ibuycars.de\/wp-content\/uploads\/2018\/02\/3_Stra\u00dfe-1024x683.jpg 1024w, https:\/\/www.ibuycars.de\/wp-content\/uploads\/2018\/02\/3_Stra\u00dfe-640x427.jpg 640w\" sizes=\"(max-width: 768px) 100vw, 768px\" \/><\/a>\n\t\t\t<\/div><\/figure>\n\t\t<\/div>\n\t\t<\/div>\n\t\t\t\t\t\t<\/div>\n\t\t\t\t<\/div>\n\t\t\t\t<div class=\"elementor-element elementor-element-db4afea elementor-widget elementor-widget-text-editor\" data-id=\"db4afea\" data-element_type=\"widget\" data-widget_type=\"text-editor.default\">\n\t\t\t\t<div class=\"elementor-widget-container\">\n\t\t\t\t\t\t\t\t\t\u201ePhysikalische Gr\u00f6\u00dfen lassen sich im Windkanal testen, <br>Emotionale nur im Fahrtwind.\u201c<br><br>\n\n\u2013 Porsche \u2013\t\t\t\t\t\t\t\t<\/div>\n\t\t\t\t<\/div>\n\t\t\t\t<div class=\"elementor-element elementor-element-ba82986 elementor-widget elementor-widget-image-gallery\" data-id=\"ba82986\" data-element_type=\"widget\" data-widget_type=\"image-gallery.default\">\n\t\t\t\t<div class=\"elementor-widget-container\">\n\t\t\t\t\t\t\t<div class=\"elementor-image-gallery\">\n\t\t\t<div id='gallery-2' class='gallery galleryid-2 gallery-columns-2 gallery-size-medium_large'><figure class='gallery-item'>\n\t\t\t<div class='gallery-icon landscape'>\n\t\t\t\t<a data-elementor-open-lightbox=\"yes\" data-elementor-lightbox-slideshow=\"ba82986\" data-elementor-lightbox-title=\"2_Ferrari\" data-e-action-hash=\"#elementor-action%3Aaction%3Dlightbox%26settings%3DeyJpZCI6MTEyLCJ1cmwiOiJodHRwczpcL1wvd3d3LmlidXljYXJzLmRlXC93cC1jb250ZW50XC91cGxvYWRzXC8yMDE4XC8wMlwvMl9GZXJyYXJpLmpwZyIsInNsaWRlc2hvdyI6ImJhODI5ODYifQ%3D%3D\" href='https:\/\/www.ibuycars.de\/wp-content\/uploads\/2018\/02\/2_Ferrari.jpg'><img decoding=\"async\" width=\"768\" height=\"512\" src=\"https:\/\/www.ibuycars.de\/wp-content\/uploads\/2018\/02\/2_Ferrari-768x512.jpg\" class=\"attachment-medium_large size-medium_large\" alt=\"\" srcset=\"https:\/\/www.ibuycars.de\/wp-content\/uploads\/2018\/02\/2_Ferrari-768x512.jpg 768w, https:\/\/www.ibuycars.de\/wp-content\/uploads\/2018\/02\/2_Ferrari-300x200.jpg 300w, https:\/\/www.ibuycars.de\/wp-content\/uploads\/2018\/02\/2_Ferrari-1024x683.jpg 1024w, https:\/\/www.ibuycars.de\/wp-content\/uploads\/2018\/02\/2_Ferrari-640x427.jpg 640w\" sizes=\"(max-width: 768px) 100vw, 768px\" \/><\/a>\n\t\t\t<\/div><\/figure><figure class='gallery-item'>\n\t\t\t<div class='gallery-icon landscape'>\n\t\t\t\t<a data-elementor-open-lightbox=\"yes\" data-elementor-lightbox-slideshow=\"ba82986\" data-elementor-lightbox-title=\"1_Auspuff\" data-e-action-hash=\"#elementor-action%3Aaction%3Dlightbox%26settings%3DeyJpZCI6MTExLCJ1cmwiOiJodHRwczpcL1wvd3d3LmlidXljYXJzLmRlXC93cC1jb250ZW50XC91cGxvYWRzXC8yMDE4XC8wMlwvMV9BdXNwdWZmLTEuanBnIiwic2xpZGVzaG93IjoiYmE4Mjk4NiJ9\" href='https:\/\/www.ibuycars.de\/wp-content\/uploads\/2018\/02\/1_Auspuff-1.jpg'><img loading=\"lazy\" decoding=\"async\" width=\"768\" height=\"512\" src=\"https:\/\/www.ibuycars.de\/wp-content\/uploads\/2018\/02\/1_Auspuff-1-768x512.jpg\" class=\"attachment-medium_large size-medium_large\" alt=\"\" srcset=\"https:\/\/www.ibuycars.de\/wp-content\/uploads\/2018\/02\/1_Auspuff-1-768x512.jpg 768w, https:\/\/www.ibuycars.de\/wp-content\/uploads\/2018\/02\/1_Auspuff-1-300x200.jpg 300w, https:\/\/www.ibuycars.de\/wp-content\/uploads\/2018\/02\/1_Auspuff-1-1024x683.jpg 1024w, https:\/\/www.ibuycars.de\/wp-content\/uploads\/2018\/02\/1_Auspuff-1-640x427.jpg 640w\" sizes=\"(max-width: 768px) 100vw, 768px\" \/><\/a>\n\t\t\t<\/div><\/figure>\n\t\t<\/div>\n\t\t<\/div>\n\t\t\t\t\t\t<\/div>\n\t\t\t\t<\/div>\n\t\t\t\t\t<\/div>\n\t\t<\/div>\n\t\t\t\t\t<\/div>\n\t\t<\/section>\n\t\t\t\t<section class=\"elementor-section elementor-top-section elementor-element elementor-element-cabab08 elementor-section-boxed elementor-section-height-default elementor-section-height-default\" data-id=\"cabab08\" data-element_type=\"section\">\n\t\t\t\t\t\t<div class=\"elementor-container elementor-column-gap-default\">\n\t\t\t\t\t<div class=\"elementor-column elementor-col-100 elementor-top-column elementor-element elementor-element-ac7c412\" data-id=\"ac7c412\" data-element_type=\"column\">\n\t\t\t<div class=\"elementor-widget-wrap elementor-element-populated\">\n\t\t\t\t\t\t<div class=\"elementor-element elementor-element-96cf046 elementor-widget elementor-widget-text-editor\" data-id=\"96cf046\" data-element_type=\"widget\" data-widget_type=\"text-editor.default\">\n\t\t\t\t<div class=\"elementor-widget-container\">\n\t\t\t\t\t\t\t\t\t\u201eWie bei Kleidung gibt es nichts verf\u00fchrerisches also ein Auto, <br>dass zur Pers\u00f6nlichkeit des Fahrers passt.\u201c\n<br><br>\n\u2013 Giorgio Armani \u2013\t\t\t\t\t\t\t\t<\/div>\n\t\t\t\t<\/div>\n\t\t\t\t\t<\/div>\n\t\t<\/div>\n\t\t\t\t\t<\/div>\n\t\t<\/section>\n\t\t\t\t<\/div>\n\t\t","protected":false},"excerpt":{"rendered":"<p>Sch\u00f6n, Sie hier zu treffen. Sie suchen Ihren Traumwagen oder m\u00f6chten Ihr Auto verkaufen und in gute H\u00e4nde geben? Ich k\u00fcmmere mich professionell um Ihre Belange. Erfahren Sie auf den n\u00e4chsten Seiten mehr \u00fcber meine Leistungen und meine Person. Ich freue mich Sie kennenzulernen. Ihr Antonio Carriero \u201ePhysikalische Gr\u00f6\u00dfen lassen sich im Windkanal testen, Emotionale [&hellip;]<\/p>\n","protected":false},"author":1,"featured_media":0,"parent":0,"menu_order":0,"comment_status":"closed","ping_status":"open","template":"","meta":{"footnotes":""},"class_list":["post-2","page","type-page","status-publish","hentry","entry"],"yoast_head":"<!-- This site is optimized with the Yoast SEO plugin v24.3 - https:\/\/yoast.com\/wordpress\/plugins\/seo\/ -->\n<title>Willkommen. - Tricolore Motors<\/title>\n<meta name=\"robots\" content=\"index, follow, max-snippet:-1, max-image-preview:large, max-video-preview:-1\" \/>\n<link rel=\"canonical\" href=\"http:\/\/www.ibuycars.de\/\" \/>\n<meta property=\"og:locale\" content=\"de_DE\" \/>\n<meta property=\"og:type\" content=\"article\" \/>\n<meta property=\"og:title\" content=\"Willkommen. - Tricolore Motors\" \/>\n<meta property=\"og:description\" content=\"Sch\u00f6n, Sie hier zu treffen. Sie suchen Ihren Traumwagen oder m\u00f6chten Ihr Auto verkaufen und in gute H\u00e4nde geben? Ich k\u00fcmmere mich professionell um Ihre Belange. Erfahren Sie auf den n\u00e4chsten Seiten mehr \u00fcber meine Leistungen und meine Person. Ich freue mich Sie kennenzulernen. Ihr Antonio Carriero \u201ePhysikalische Gr\u00f6\u00dfen lassen sich im Windkanal testen, Emotionale [&hellip;]\" \/>\n<meta property=\"og:url\" content=\"http:\/\/www.ibuycars.de\/\" \/>\n<meta property=\"og:site_name\" content=\"Tricolore Motors\" \/>\n<meta property=\"article:modified_time\" content=\"2022-11-22T15:59:45+00:00\" \/>\n<meta property=\"og:image\" content=\"http:\/\/www.ibuycars.de\/wp-content\/uploads\/2018\/02\/4_Porsche-768x514.jpg\" \/>\n<meta name=\"twitter:card\" content=\"summary_large_image\" \/>\n<script type=\"application\/ld+json\" class=\"yoast-schema-graph\">{\"@context\":\"https:\/\/schema.org\",\"@graph\":[{\"@type\":\"WebPage\",\"@id\":\"http:\/\/www.ibuycars.de\/\",\"url\":\"http:\/\/www.ibuycars.de\/\",\"name\":\"Willkommen. - Tricolore Motors\",\"isPartOf\":{\"@id\":\"http:\/\/www.ibuycars.de\/#website\"},\"primaryImageOfPage\":{\"@id\":\"http:\/\/www.ibuycars.de\/#primaryimage\"},\"image\":{\"@id\":\"http:\/\/www.ibuycars.de\/#primaryimage\"},\"thumbnailUrl\":\"http:\/\/www.ibuycars.de\/wp-content\/uploads\/2018\/02\/4_Porsche-768x514.jpg\",\"datePublished\":\"2018-02-17T15:57:04+00:00\",\"dateModified\":\"2022-11-22T15:59:45+00:00\",\"breadcrumb\":{\"@id\":\"http:\/\/www.ibuycars.de\/#breadcrumb\"},\"inLanguage\":\"de\",\"potentialAction\":[{\"@type\":\"ReadAction\",\"target\":[\"http:\/\/www.ibuycars.de\/\"]}]},{\"@type\":\"ImageObject\",\"inLanguage\":\"de\",\"@id\":\"http:\/\/www.ibuycars.de\/#primaryimage\",\"url\":\"https:\/\/www.ibuycars.de\/wp-content\/uploads\/2018\/02\/4_Porsche.jpg\",\"contentUrl\":\"https:\/\/www.ibuycars.de\/wp-content\/uploads\/2018\/02\/4_Porsche.jpg\",\"width\":2474,\"height\":1656},{\"@type\":\"BreadcrumbList\",\"@id\":\"http:\/\/www.ibuycars.de\/#breadcrumb\",\"itemListElement\":[{\"@type\":\"ListItem\",\"position\":1,\"name\":\"Startseite\",\"item\":\"http:\/\/www.ibuycars.de\/\"},{\"@type\":\"ListItem\",\"position\":2,\"name\":\"Willkommen.\"}]},{\"@type\":\"WebSite\",\"@id\":\"http:\/\/www.ibuycars.de\/#website\",\"url\":\"http:\/\/www.ibuycars.de\/\",\"name\":\"Tricolore Motors\",\"description\":\" Antonio Carriero\",\"publisher\":{\"@id\":\"http:\/\/www.ibuycars.de\/#organization\"},\"potentialAction\":[{\"@type\":\"SearchAction\",\"target\":{\"@type\":\"EntryPoint\",\"urlTemplate\":\"http:\/\/www.ibuycars.de\/?s={search_term_string}\"},\"query-input\":{\"@type\":\"PropertyValueSpecification\",\"valueRequired\":true,\"valueName\":\"search_term_string\"}}],\"inLanguage\":\"de\"},{\"@type\":\"Organization\",\"@id\":\"http:\/\/www.ibuycars.de\/#organization\",\"name\":\"Tricolore Motors\",\"url\":\"http:\/\/www.ibuycars.de\/\",\"logo\":{\"@type\":\"ImageObject\",\"inLanguage\":\"de\",\"@id\":\"http:\/\/www.ibuycars.de\/#\/schema\/logo\/image\/\",\"url\":\"https:\/\/www.ibuycars.de\/wp-content\/uploads\/2019\/12\/cropped-logo-transparent-black-1.png\",\"contentUrl\":\"https:\/\/www.ibuycars.de\/wp-content\/uploads\/2019\/12\/cropped-logo-transparent-black-1.png\",\"width\":1680,\"height\":699,\"caption\":\"Tricolore Motors\"},\"image\":{\"@id\":\"http:\/\/www.ibuycars.de\/#\/schema\/logo\/image\/\"}}]}<\/script>\n<!-- \/ Yoast SEO plugin. -->","yoast_head_json":{"title":"Willkommen. - Tricolore Motors","robots":{"index":"index","follow":"follow","max-snippet":"max-snippet:-1","max-image-preview":"max-image-preview:large","max-video-preview":"max-video-preview:-1"},"canonical":"http:\/\/www.ibuycars.de\/","og_locale":"de_DE","og_type":"article","og_title":"Willkommen. - Tricolore Motors","og_description":"Sch\u00f6n, Sie hier zu treffen. Sie suchen Ihren Traumwagen oder m\u00f6chten Ihr Auto verkaufen und in gute H\u00e4nde geben? Ich k\u00fcmmere mich professionell um Ihre Belange. Erfahren Sie auf den n\u00e4chsten Seiten mehr \u00fcber meine Leistungen und meine Person. Ich freue mich Sie kennenzulernen. Ihr Antonio Carriero \u201ePhysikalische Gr\u00f6\u00dfen lassen sich im Windkanal testen, Emotionale [&hellip;]","og_url":"http:\/\/www.ibuycars.de\/","og_site_name":"Tricolore Motors","article_modified_time":"2022-11-22T15:59:45+00:00","og_image":[{"url":"http:\/\/www.ibuycars.de\/wp-content\/uploads\/2018\/02\/4_Porsche-768x514.jpg","type":"","width":"","height":""}],"twitter_card":"summary_large_image","schema":{"@context":"https:\/\/schema.org","@graph":[{"@type":"WebPage","@id":"http:\/\/www.ibuycars.de\/","url":"http:\/\/www.ibuycars.de\/","name":"Willkommen. - Tricolore Motors","isPartOf":{"@id":"http:\/\/www.ibuycars.de\/#website"},"primaryImageOfPage":{"@id":"http:\/\/www.ibuycars.de\/#primaryimage"},"image":{"@id":"http:\/\/www.ibuycars.de\/#primaryimage"},"thumbnailUrl":"http:\/\/www.ibuycars.de\/wp-content\/uploads\/2018\/02\/4_Porsche-768x514.jpg","datePublished":"2018-02-17T15:57:04+00:00","dateModified":"2022-11-22T15:59:45+00:00","breadcrumb":{"@id":"http:\/\/www.ibuycars.de\/#breadcrumb"},"inLanguage":"de","potentialAction":[{"@type":"ReadAction","target":["http:\/\/www.ibuycars.de\/"]}]},{"@type":"ImageObject","inLanguage":"de","@id":"http:\/\/www.ibuycars.de\/#primaryimage","url":"https:\/\/www.ibuycars.de\/wp-content\/uploads\/2018\/02\/4_Porsche.jpg","contentUrl":"https:\/\/www.ibuycars.de\/wp-content\/uploads\/2018\/02\/4_Porsche.jpg","width":2474,"height":1656},{"@type":"BreadcrumbList","@id":"http:\/\/www.ibuycars.de\/#breadcrumb","itemListElement":[{"@type":"ListItem","position":1,"name":"Startseite","item":"http:\/\/www.ibuycars.de\/"},{"@type":"ListItem","position":2,"name":"Willkommen."}]},{"@type":"WebSite","@id":"http:\/\/www.ibuycars.de\/#website","url":"http:\/\/www.ibuycars.de\/","name":"Tricolore Motors","description":" Antonio Carriero","publisher":{"@id":"http:\/\/www.ibuycars.de\/#organization"},"potentialAction":[{"@type":"SearchAction","target":{"@type":"EntryPoint","urlTemplate":"http:\/\/www.ibuycars.de\/?s={search_term_string}"},"query-input":{"@type":"PropertyValueSpecification","valueRequired":true,"valueName":"search_term_string"}}],"inLanguage":"de"},{"@type":"Organization","@id":"http:\/\/www.ibuycars.de\/#organization","name":"Tricolore Motors","url":"http:\/\/www.ibuycars.de\/","logo":{"@type":"ImageObject","inLanguage":"de","@id":"http:\/\/www.ibuycars.de\/#\/schema\/logo\/image\/","url":"https:\/\/www.ibuycars.de\/wp-content\/uploads\/2019\/12\/cropped-logo-transparent-black-1.png","contentUrl":"https:\/\/www.ibuycars.de\/wp-content\/uploads\/2019\/12\/cropped-logo-transparent-black-1.png","width":1680,"height":699,"caption":"Tricolore Motors"},"image":{"@id":"http:\/\/www.ibuycars.de\/#\/schema\/logo\/image\/"}}]}},"_links":{"self":[{"href":"https:\/\/www.ibuycars.de\/index.php\/wp-json\/wp\/v2\/pages\/2","targetHints":{"allow":["GET"]}}],"collection":[{"href":"https:\/\/www.ibuycars.de\/index.php\/wp-json\/wp\/v2\/pages"}],"about":[{"href":"https:\/\/www.ibuycars.de\/index.php\/wp-json\/wp\/v2\/types\/page"}],"author":[{"embeddable":true,"href":"https:\/\/www.ibuycars.de\/index.php\/wp-json\/wp\/v2\/users\/1"}],"replies":[{"embeddable":true,"href":"https:\/\/www.ibuycars.de\/index.php\/wp-json\/wp\/v2\/comments?post=2"}],"version-history":[{"count":40,"href":"https:\/\/www.ibuycars.de\/index.php\/wp-json\/wp\/v2\/pages\/2\/revisions"}],"predecessor-version":[{"id":214,"href":"https:\/\/www.ibuycars.de\/index.php\/wp-json\/wp\/v2\/pages\/2\/revisions\/214"}],"wp:attachment":[{"href":"https:\/\/www.ibuycars.de\/index.php\/wp-json\/wp\/v2\/media?parent=2"}],"curies":[{"name":"wp","href":"https:\/\/api.w.org\/{rel}","templated":true}]}}